{"id":11,"date":"2026-02-10T09:34:27","date_gmt":"2026-02-10T09:34:27","guid":{"rendered":"https:\/\/blog.musiaudio.com.br\/?page_id=11"},"modified":"2026-02-10T11:33:50","modified_gmt":"2026-02-10T11:33:50","slug":"blog","status":"publish","type":"page","link":"https:\/\/blog.musiaudio.com.br\/","title":{"rendered":"Blog"},"content":{"rendered":"\t\t<div data-elementor-type=\"wp-page\" data-elementor-id=\"11\" class=\"elementor elementor-11\" data-elementor-post-type=\"page\">\n\t\t\t\t<div class=\"elementor-element elementor-element-77e083c e-flex e-con-boxed e-con e-parent\" data-id=\"77e083c\" data-element_type=\"container\" data-e-type=\"container\">\n\t\t\t\t\t<div class=\"e-con-inner\">\n\t\t\t\t<div class=\"elementor-element elementor-element-f1561ae elementor-widget elementor-widget-heading\" data-id=\"f1561ae\" data-element_type=\"widget\" data-e-type=\"widget\" data-widget_type=\"heading.default\">\n\t\t\t\t\t<h2 class=\"elementor-heading-title elementor-size-default\">BLOG<\/h2>\t\t\t\t<\/div>\n\t\t\t\t\t<\/div>\n\t\t\t\t<\/div>\n\t\t<div class=\"elementor-element elementor-element-29166ea e-flex e-con-boxed e-con e-parent\" data-id=\"29166ea\" data-element_type=\"container\" data-e-type=\"container\">\n\t\t\t\t\t<div class=\"e-con-inner\">\n\t\t<div class=\"elementor-element elementor-element-24dea68 e-con-full e-flex e-con e-child\" data-id=\"24dea68\" data-element_type=\"container\" data-e-type=\"container\">\n\t\t\t\t<div class=\"elementor-element elementor-element-5c707c3 elementor-grid-4 elementor-grid-tablet-2 elementor-grid-mobile-1 elementor-posts--thumbnail-top elementor-card-shadow-yes elementor-posts__hover-gradient elementor-widget elementor-widget-posts\" data-id=\"5c707c3\" data-element_type=\"widget\" data-e-type=\"widget\" data-settings=\"{&quot;pagination_type&quot;:&quot;numbers&quot;,&quot;cards_columns&quot;:&quot;4&quot;,&quot;cards_columns_tablet&quot;:&quot;2&quot;,&quot;cards_columns_mobile&quot;:&quot;1&quot;,&quot;cards_row_gap&quot;:{&quot;unit&quot;:&quot;px&quot;,&quot;size&quot;:35,&quot;sizes&quot;:[]},&quot;cards_row_gap_tablet&quot;:{&quot;unit&quot;:&quot;px&quot;,&quot;size&quot;:&quot;&quot;,&quot;sizes&quot;:[]},&quot;cards_row_gap_mobile&quot;:{&quot;unit&quot;:&quot;px&quot;,&quot;size&quot;:&quot;&quot;,&quot;sizes&quot;:[]}}\" data-widget_type=\"posts.cards\">\n\t\t\t\t<div class=\"elementor-widget-container\">\n\t\t\t\t\t\t\t<div class=\"elementor-posts-container elementor-posts elementor-posts--skin-cards elementor-grid\" role=\"list\">\n\t\t\t\t<article class=\"elementor-post elementor-grid-item post-121 post type-post status-publish format-standard has-post-thumbnail hentry category-blog category-caixas-de-som tag-amplificadores tag-caixa-ativa tag-caixa-passiva tag-caixas-de-som tag-caixas-de-som-profissionais tag-o-que-e-rms tag-o-que-e-spl tag-o-que-faz-o-som-tocar-mais-alto tag-potencia-sonora tag-pressao-sonora\" role=\"listitem\">\n\t\t\t<div class=\"elementor-post__card\">\n\t\t\t\t<a class=\"elementor-post__thumbnail__link\" href=\"https:\/\/blog.musiaudio.com.br\/?p=121\" tabindex=\"-1\" ><div class=\"elementor-post__thumbnail\"><img fetchpriority=\"high\" decoding=\"async\" width=\"300\" height=\"168\" src=\"https:\/\/blog.musiaudio.com.br\/wp-content\/uploads\/2026\/03\/Pressao-sonora-300x168.jpg\" class=\"attachment-medium size-medium wp-image-124\" alt=\"Press\u00e3o sonora\" srcset=\"https:\/\/blog.musiaudio.com.br\/wp-content\/uploads\/2026\/03\/Pressao-sonora-300x168.jpg 300w, https:\/\/blog.musiaudio.com.br\/wp-content\/uploads\/2026\/03\/Pressao-sonora-1024x575.jpg 1024w, https:\/\/blog.musiaudio.com.br\/wp-content\/uploads\/2026\/03\/Pressao-sonora-768x431.jpg 768w, https:\/\/blog.musiaudio.com.br\/wp-content\/uploads\/2026\/03\/Pressao-sonora-1536x862.jpg 1536w, https:\/\/blog.musiaudio.com.br\/wp-content\/uploads\/2026\/03\/Pressao-sonora-2048x1149.jpg 2048w\" sizes=\"(max-width: 300px) 100vw, 300px\" \/><\/div><\/a>\n\t\t\t\t<div class=\"elementor-post__text\">\n\t\t\t\t<h3 class=\"elementor-post__title\">\n\t\t\t<a href=\"https:\/\/blog.musiaudio.com.br\/?p=121\" >\n\t\t\t\tPot\u00eancia el\u00e9trica ou Press\u00e3o sonora? Qual a diferen\u00e7a e qual \u00e9 melhor para seu som?\t\t\t<\/a>\n\t\t<\/h3>\n\t\t\t\t<div class=\"elementor-post__excerpt\">\n\t\t\t<p>Pot\u00eancia el\u00e9trica \u00e9 a quantidade de energia el\u00e9trica que um<\/p>\n\t\t<\/div>\n\t\t\n\t\t<a class=\"elementor-post__read-more\" href=\"https:\/\/blog.musiaudio.com.br\/?p=121\" aria-label=\"Read more about Pot\u00eancia el\u00e9trica ou Press\u00e3o sonora? Qual a diferen\u00e7a e qual \u00e9 melhor para seu som?\" tabindex=\"-1\" >\n\t\t\tRead More \u00bb\t\t<\/a>\n\n\t\t\t\t<\/div>\n\t\t\t\t<div class=\"elementor-post__meta-data\">\n\t\t\t\t\t<span class=\"elementor-post-date\">\n\t\t\tMarch 10, 2026\t\t<\/span>\n\t\t\t\t<span class=\"elementor-post-avatar\">\n\t\t\tNo Comments\t\t<\/span>\n\t\t\t\t<\/div>\n\t\t\t\t\t<\/div>\n\t\t<\/article>\n\t\t\t\t<article class=\"elementor-post elementor-grid-item post-73 post type-post status-publish format-standard has-post-thumbnail hentry category-amplificador category-blog category-caixas-de-som tag-amplificador-a-b tag-amplificador-classe-a tag-amplificador-classe-b tag-amplificador-classe-d tag-amplificador-classe-h tag-amplificadores tag-caixa-ativa tag-caixa-passiva tag-caixas-de-som tag-caixas-de-som-profissionais\" role=\"listitem\">\n\t\t\t<div class=\"elementor-post__card\">\n\t\t\t\t<a class=\"elementor-post__thumbnail__link\" href=\"https:\/\/blog.musiaudio.com.br\/?p=73\" tabindex=\"-1\" ><div class=\"elementor-post__thumbnail\"><img decoding=\"async\" width=\"300\" height=\"169\" src=\"https:\/\/blog.musiaudio.com.br\/wp-content\/uploads\/2026\/02\/Caixas_de_som_profissionais-300x169.jpg\" class=\"attachment-medium size-medium wp-image-75\" alt=\"Caixas de som profissionais\" srcset=\"https:\/\/blog.musiaudio.com.br\/wp-content\/uploads\/2026\/02\/Caixas_de_som_profissionais-300x169.jpg 300w, https:\/\/blog.musiaudio.com.br\/wp-content\/uploads\/2026\/02\/Caixas_de_som_profissionais-1024x576.jpg 1024w, https:\/\/blog.musiaudio.com.br\/wp-content\/uploads\/2026\/02\/Caixas_de_som_profissionais-768x432.jpg 768w, https:\/\/blog.musiaudio.com.br\/wp-content\/uploads\/2026\/02\/Caixas_de_som_profissionais-1536x864.jpg 1536w, https:\/\/blog.musiaudio.com.br\/wp-content\/uploads\/2026\/02\/Caixas_de_som_profissionais-2048x1152.jpg 2048w\" sizes=\"(max-width: 300px) 100vw, 300px\" \/><\/div><\/a>\n\t\t\t\t<div class=\"elementor-post__text\">\n\t\t\t\t<h3 class=\"elementor-post__title\">\n\t\t\t<a href=\"https:\/\/blog.musiaudio.com.br\/?p=73\" >\n\t\t\t\tCaixas de som profissionais: Guia completo\t\t\t<\/a>\n\t\t<\/h3>\n\t\t\t\t<div class=\"elementor-post__excerpt\">\n\t\t\t<p>As melhores caixas de som profissionais s\u00e3o aquelas que entregam<\/p>\n\t\t<\/div>\n\t\t\n\t\t<a class=\"elementor-post__read-more\" href=\"https:\/\/blog.musiaudio.com.br\/?p=73\" aria-label=\"Read more about Caixas de som profissionais: Guia completo\" tabindex=\"-1\" >\n\t\t\tRead More \u00bb\t\t<\/a>\n\n\t\t\t\t<\/div>\n\t\t\t\t<div class=\"elementor-post__meta-data\">\n\t\t\t\t\t<span class=\"elementor-post-date\">\n\t\t\tFebruary 20, 2026\t\t<\/span>\n\t\t\t\t<span class=\"elementor-post-avatar\">\n\t\t\tNo Comments\t\t<\/span>\n\t\t\t\t<\/div>\n\t\t\t\t\t<\/div>\n\t\t<\/article>\n\t\t\t\t<\/div>\n\t\t\n\t\t\t\t\t\t<\/div>\n\t\t\t\t<\/div>\n\t\t\t\t<\/div>\n\t\t\t\t\t<\/div>\n\t\t\t\t<\/div>\n\t\t\t\t<\/div>\n\t\t","protected":false},"excerpt":{"rendered":"<p>BLOG<\/p>\n","protected":false},"author":1,"featured_media":0,"parent":0,"menu_order":0,"comment_status":"closed","ping_status":"closed","template":"elementor_header_footer","meta":{"footnotes":""},"class_list":["post-11","page","type-page","status-publish","hentry"],"yoast_head":"<!-- This site is optimized with the Yoast SEO plugin v27.0 - https:\/\/yoast.com\/product\/yoast-seo-wordpress\/ -->\n<title>Blog - Blog<\/title>\n<meta name=\"robots\" content=\"index, follow, max-snippet:-1, max-image-preview:large, max-video-preview:-1\" \/>\n<link rel=\"canonical\" href=\"https:\/\/blog.musiaudio.com.br\/\" \/>\n<meta property=\"og:locale\" content=\"en_US\" \/>\n<meta property=\"og:type\" content=\"article\" \/>\n<meta property=\"og:title\" content=\"Blog - Blog\" \/>\n<meta property=\"og:description\" content=\"BLOG\" \/>\n<meta property=\"og:url\" content=\"https:\/\/blog.musiaudio.com.br\/\" \/>\n<meta property=\"og:site_name\" content=\"Blog\" \/>\n<meta property=\"article:modified_time\" content=\"2026-02-10T11:33:50+00:00\" \/>\n<meta name=\"twitter:card\" content=\"summary_large_image\" \/>\n<script type=\"application\/ld+json\" class=\"yoast-schema-graph\">{\"@context\":\"https:\/\/schema.org\",\"@graph\":[{\"@type\":\"WebPage\",\"@id\":\"https:\/\/blog.musiaudio.com.br\/\",\"url\":\"https:\/\/blog.musiaudio.com.br\/\",\"name\":\"Blog - Blog\",\"isPartOf\":{\"@id\":\"https:\/\/blog.musiaudio.com.br\/#website\"},\"datePublished\":\"2026-02-10T09:34:27+00:00\",\"dateModified\":\"2026-02-10T11:33:50+00:00\",\"breadcrumb\":{\"@id\":\"https:\/\/blog.musiaudio.com.br\/#breadcrumb\"},\"inLanguage\":\"en-US\",\"potentialAction\":[{\"@type\":\"ReadAction\",\"target\":[\"https:\/\/blog.musiaudio.com.br\/\"]}]},{\"@type\":\"BreadcrumbList\",\"@id\":\"https:\/\/blog.musiaudio.com.br\/#breadcrumb\",\"itemListElement\":[{\"@type\":\"ListItem\",\"position\":1,\"name\":\"Home\",\"item\":\"https:\/\/blog.musiaudio.com.br\/\"},{\"@type\":\"ListItem\",\"position\":2,\"name\":\"Blog\"}]},{\"@type\":\"WebSite\",\"@id\":\"https:\/\/blog.musiaudio.com.br\/#website\",\"url\":\"https:\/\/blog.musiaudio.com.br\/\",\"name\":\"Blog\",\"description\":\"Blog\",\"potentialAction\":[{\"@type\":\"SearchAction\",\"target\":{\"@type\":\"EntryPoint\",\"urlTemplate\":\"https:\/\/blog.musiaudio.com.br\/?s={search_term_string}\"},\"query-input\":{\"@type\":\"PropertyValueSpecification\",\"valueRequired\":true,\"valueName\":\"search_term_string\"}}],\"inLanguage\":\"en-US\"}]}<\/script>\n<!-- \/ Yoast SEO plugin. -->","yoast_head_json":{"title":"Blog - Blog","robots":{"index":"index","follow":"follow","max-snippet":"max-snippet:-1","max-image-preview":"max-image-preview:large","max-video-preview":"max-video-preview:-1"},"canonical":"https:\/\/blog.musiaudio.com.br\/","og_locale":"en_US","og_type":"article","og_title":"Blog - Blog","og_description":"BLOG","og_url":"https:\/\/blog.musiaudio.com.br\/","og_site_name":"Blog","article_modified_time":"2026-02-10T11:33:50+00:00","twitter_card":"summary_large_image","schema":{"@context":"https:\/\/schema.org","@graph":[{"@type":"WebPage","@id":"https:\/\/blog.musiaudio.com.br\/","url":"https:\/\/blog.musiaudio.com.br\/","name":"Blog - Blog","isPartOf":{"@id":"https:\/\/blog.musiaudio.com.br\/#website"},"datePublished":"2026-02-10T09:34:27+00:00","dateModified":"2026-02-10T11:33:50+00:00","breadcrumb":{"@id":"https:\/\/blog.musiaudio.com.br\/#breadcrumb"},"inLanguage":"en-US","potentialAction":[{"@type":"ReadAction","target":["https:\/\/blog.musiaudio.com.br\/"]}]},{"@type":"BreadcrumbList","@id":"https:\/\/blog.musiaudio.com.br\/#breadcrumb","itemListElement":[{"@type":"ListItem","position":1,"name":"Home","item":"https:\/\/blog.musiaudio.com.br\/"},{"@type":"ListItem","position":2,"name":"Blog"}]},{"@type":"WebSite","@id":"https:\/\/blog.musiaudio.com.br\/#website","url":"https:\/\/blog.musiaudio.com.br\/","name":"Blog","description":"Blog","potentialAction":[{"@type":"SearchAction","target":{"@type":"EntryPoint","urlTemplate":"https:\/\/blog.musiaudio.com.br\/?s={search_term_string}"},"query-input":{"@type":"PropertyValueSpecification","valueRequired":true,"valueName":"search_term_string"}}],"inLanguage":"en-US"}]}},"_links":{"self":[{"href":"https:\/\/blog.musiaudio.com.br\/index.php?rest_route=\/wp\/v2\/pages\/11","targetHints":{"allow":["GET"]}}],"collection":[{"href":"https:\/\/blog.musiaudio.com.br\/index.php?rest_route=\/wp\/v2\/pages"}],"about":[{"href":"https:\/\/blog.musiaudio.com.br\/index.php?rest_route=\/wp\/v2\/types\/page"}],"author":[{"embeddable":true,"href":"https:\/\/blog.musiaudio.com.br\/index.php?rest_route=\/wp\/v2\/users\/1"}],"replies":[{"embeddable":true,"href":"https:\/\/blog.musiaudio.com.br\/index.php?rest_route=%2Fwp%2Fv2%2Fcomments&post=11"}],"version-history":[{"count":22,"href":"https:\/\/blog.musiaudio.com.br\/index.php?rest_route=\/wp\/v2\/pages\/11\/revisions"}],"predecessor-version":[{"id":69,"href":"https:\/\/blog.musiaudio.com.br\/index.php?rest_route=\/wp\/v2\/pages\/11\/revisions\/69"}],"wp:attachment":[{"href":"https:\/\/blog.musiaudio.com.br\/index.php?rest_route=%2Fwp%2Fv2%2Fmedia&parent=11"}],"curies":[{"name":"wp","href":"https:\/\/api.w.org\/{rel}","templated":true}]}}